
{"id":181819,"date":"2025-10-01T14:20:38","date_gmt":"2025-10-01T12:20:38","guid":{"rendered":"https:\/\/wrzecionoczasu.pl\/produkt\/mbf-x-lepee-x-massena-lab-clock-t-rex-bronze-limited-xx15\/"},"modified":"2026-01-09T11:37:13","modified_gmt":"2026-01-09T10:37:13","slug":"mbf-x-lepee-x-massena-lab-clock-t-rex-bronze-limited-xx15","status":"publish","type":"product","link":"https:\/\/wrzecionoczasu.pl\/en\/produkt\/mbf-x-lepee-x-massena-lab-clock-t-rex-bronze-limited-xx15\/","title":{"rendered":"Clock Mb&amp;F \u00d7 L\u2019Ep\u00e9e \u00d7 Massena Lab &#8211; T-Rex Bronze Limited Edition XX|15\/Box+Key"},"content":{"rendered":"<p><strong>USED TABLE CLOCK MB&amp;F \u00d7 L&#8217;\u00c9P\u00c9E \u00d7 MASSENA LAB T-Rex Bronze \u2013 bronze clock-sculpture<\/strong><\/p>\n<p>A meeting of the Bronze Age with a prehistoric beast \u2014 behold the T-Rex Bronze, a collaborative creation by MB&amp;F, L&#8217;\u00c9p\u00e9e, and Massena LAB. An exceptional table clock with a structure made of aged bronze, giving it a matte, organic appearance. <\/p>\n<p>The construction is noteworthy: realistic T-Rex legs, designed based on fossil scans, serve as a support for the suspended mechanism. The dial, made of green Murano glass (&#8220;eye&#8221;), displays hours and minutes using curved hands. <\/p>\n<p>The mechanism is a hand-wound L&#8217;\u00c9p\u00e9e 1839 cal.1855, operating at a frequency of 18,000 vibrations per hour and providing 8 days of power reserve. The clock is wound with a key from the back of the case, and the same key is used to set the time. <\/p>\n<p>Included with the clock: original dedicated MB&amp;F winding key and MB&amp;F case.<\/p>\n<p><strong>Limited edition model \u2014 only 15 pieces were produced.<\/strong><\/p>\n<p><strong>Dimensions and weight:<\/strong><br \/>\nHeight: 265 mm<br \/>\nWidth x depth: 258 mm \u00d7 178 mm<br \/>\nWeight: approximately 2 kg<\/p>\n","protected":false},"excerpt":{"rendered":"<p>Used Mb&amp;f \u00d7 L&#8217;\u00e9p\u00e9e \u00d7 Massena Lab Clock &#8211; T-Rex Bronze Limited XX|15<\/p>\n","protected":false},"featured_media":181810,"template":"","meta":{"_acf_changed":false,"content-type":""},"seria":[],"product_brand":[],"product_cat":[1150,1272,1230],"product_tag":[1275],"class_list":{"0":"post-181819","1":"product","2":"type-product","3":"status-publish","4":"has-post-thumbnail","6":"product_cat-brands","7":"product_cat-collectible-items","8":"product_cat-mbf","9":"product_tag-warszawa-en","10":"pa_marka-mbf-en","11":"pa_stan-zegarka-very-good","13":"first","14":"instock","15":"shipping-taxable","16":"purchasable","17":"product-type-simple"},"acf":[],"yoast_head":"<!-- This site is optimized with the Yoast SEO Premium plugin v27.1 (Yoast SEO v27.2) - https:\/\/yoast.com\/product\/yoast-seo-premium-wordpress\/ -->\n<title>Clock Mb&amp;F \u00d7 L\u2019Ep\u00e9e \u00d7 Massena Lab - T-Rex Bronze Limited Edition XX|15\/Box+Key - Wrzeciono Czasu<\/title>\n<meta name=\"robots\" content=\"index, follow, max-snippet:-1, max-image-preview:large, max-video-preview:-1\" \/>\n<link rel=\"canonical\" href=\"https:\/\/wrzecionoczasu.pl\/en\/produkt\/mbf-x-lepee-x-massena-lab-clock-t-rex-bronze-limited-xx15\/\" \/>\n<meta property=\"og:locale\" content=\"en_US\" \/>\n<meta property=\"og:type\" content=\"article\" \/>\n<meta property=\"og:title\" content=\"Clock Mb&amp;F \u00d7 L\u2019Ep\u00e9e \u00d7 Massena Lab - T-Rex Bronze Limited Edition XX|15\/Box+Key\" \/>\n<meta property=\"og:description\" content=\"Used Mb&amp;f \u00d7 L&#039;\u00e9p\u00e9e \u00d7 Massena Lab Clock - T-Rex Bronze Limited XX|15\" \/>\n<meta property=\"og:url\" content=\"https:\/\/wrzecionoczasu.pl\/en\/produkt\/mbf-x-lepee-x-massena-lab-clock-t-rex-bronze-limited-xx15\/\" \/>\n<meta property=\"og:site_name\" content=\"Wrzeciono Czasu\" \/>\n<meta property=\"article:publisher\" content=\"https:\/\/www.facebook.com\/wrzecionoczasupl\" \/>\n<meta property=\"article:modified_time\" content=\"2026-01-09T10:37:13+00:00\" \/>\n<meta property=\"og:image\" content=\"https:\/\/wrzecionoczasu.pl\/wp-content\/uploads\/2025\/10\/0D3A7038.jpg\" \/>\n\t<meta property=\"og:image:width\" content=\"800\" \/>\n\t<meta property=\"og:image:height\" content=\"1200\" \/>\n\t<meta property=\"og:image:type\" content=\"image\/jpeg\" \/>\n<meta name=\"twitter:card\" content=\"summary_large_image\" \/>\n<meta name=\"twitter:label1\" content=\"Price\" \/>\n\t<meta name=\"twitter:data1\" content=\"&#036;41 079\" \/>\n\t<meta name=\"twitter:label2\" content=\"Availability\" \/>\n\t<meta name=\"twitter:data2\" content=\"In stock\" \/>\n<script type=\"application\/ld+json\" class=\"yoast-schema-graph\">{\"@context\":\"https:\/\/schema.org\",\"@graph\":[{\"@type\":\"WebPage\",\"@id\":\"https:\/\/wrzecionoczasu.pl\/en\/produkt\/mbf-x-lepee-x-massena-lab-clock-t-rex-bronze-limited-xx15\/\",\"url\":\"https:\/\/wrzecionoczasu.pl\/en\/produkt\/mbf-x-lepee-x-massena-lab-clock-t-rex-bronze-limited-xx15\/\",\"name\":\"Clock Mb&amp;F \u00d7 L\u2019Ep\u00e9e \u00d7 Massena Lab - T-Rex Bronze Limited Edition XX|15\/Box+Key - Wrzeciono Czasu\",\"isPartOf\":{\"@id\":\"https:\/\/wrzecionoczasu.pl\/en\/#website\"},\"primaryImageOfPage\":{\"@id\":\"https:\/\/wrzecionoczasu.pl\/en\/produkt\/mbf-x-lepee-x-massena-lab-clock-t-rex-bronze-limited-xx15\/#primaryimage\"},\"image\":{\"@id\":\"https:\/\/wrzecionoczasu.pl\/en\/produkt\/mbf-x-lepee-x-massena-lab-clock-t-rex-bronze-limited-xx15\/#primaryimage\"},\"thumbnailUrl\":\"https:\/\/wrzecionoczasu.pl\/wp-content\/uploads\/2025\/10\/0D3A7038.jpg\",\"datePublished\":\"2025-10-01T12:20:38+00:00\",\"dateModified\":\"2026-01-09T10:37:13+00:00\",\"breadcrumb\":{\"@id\":\"https:\/\/wrzecionoczasu.pl\/en\/produkt\/mbf-x-lepee-x-massena-lab-clock-t-rex-bronze-limited-xx15\/#breadcrumb\"},\"inLanguage\":\"en-US\",\"potentialAction\":[{\"@type\":\"ReadAction\",\"target\":[\"https:\/\/wrzecionoczasu.pl\/en\/produkt\/mbf-x-lepee-x-massena-lab-clock-t-rex-bronze-limited-xx15\/\"]}]},{\"@type\":\"ImageObject\",\"inLanguage\":\"en-US\",\"@id\":\"https:\/\/wrzecionoczasu.pl\/en\/produkt\/mbf-x-lepee-x-massena-lab-clock-t-rex-bronze-limited-xx15\/#primaryimage\",\"url\":\"https:\/\/wrzecionoczasu.pl\/wp-content\/uploads\/2025\/10\/0D3A7038.jpg\",\"contentUrl\":\"https:\/\/wrzecionoczasu.pl\/wp-content\/uploads\/2025\/10\/0D3A7038.jpg\",\"width\":800,\"height\":1200},{\"@type\":\"BreadcrumbList\",\"@id\":\"https:\/\/wrzecionoczasu.pl\/en\/produkt\/mbf-x-lepee-x-massena-lab-clock-t-rex-bronze-limited-xx15\/#breadcrumb\",\"itemListElement\":[{\"@type\":\"ListItem\",\"position\":1,\"name\":\"Strona g\u0142\u00f3wna\",\"item\":\"https:\/\/wrzecionoczasu.pl\/en\/home\/\"},{\"@type\":\"ListItem\",\"position\":2,\"name\":\"Shop\",\"item\":\"https:\/\/wrzecionoczasu.pl\/en\/shop-2\/\"},{\"@type\":\"ListItem\",\"position\":3,\"name\":\"Clock Mb&amp;F \u00d7 L\u2019Ep\u00e9e \u00d7 Massena Lab &#8211; T-Rex Bronze Limited Edition XX|15\/Box+Key\"}]},{\"@type\":\"WebSite\",\"@id\":\"https:\/\/wrzecionoczasu.pl\/en\/#website\",\"url\":\"https:\/\/wrzecionoczasu.pl\/en\/\",\"name\":\"Wrzeciono Czasu\",\"description\":\"Wrzeciono Czasu\",\"publisher\":{\"@id\":\"https:\/\/wrzecionoczasu.pl\/en\/#organization\"},\"alternateName\":\"Wrzeciono Czasu\",\"potentialAction\":[{\"@type\":\"SearchAction\",\"target\":{\"@type\":\"EntryPoint\",\"urlTemplate\":\"https:\/\/wrzecionoczasu.pl\/en\/?s={search_term_string}\"},\"query-input\":{\"@type\":\"PropertyValueSpecification\",\"valueRequired\":true,\"valueName\":\"search_term_string\"}}],\"inLanguage\":\"en-US\"},{\"@type\":\"Organization\",\"@id\":\"https:\/\/wrzecionoczasu.pl\/en\/#organization\",\"name\":\"Wrzeciono Czasu\",\"url\":\"https:\/\/wrzecionoczasu.pl\/en\/\",\"logo\":{\"@type\":\"ImageObject\",\"inLanguage\":\"en-US\",\"@id\":\"https:\/\/wrzecionoczasu.pl\/en\/#\/schema\/logo\/image\/\",\"url\":\"https:\/\/wrzecionoczasu.pl\/wp-content\/uploads\/2024\/03\/logo-light1.svg\",\"contentUrl\":\"https:\/\/wrzecionoczasu.pl\/wp-content\/uploads\/2024\/03\/logo-light1.svg\",\"width\":86,\"height\":71,\"caption\":\"Wrzeciono Czasu\"},\"image\":{\"@id\":\"https:\/\/wrzecionoczasu.pl\/en\/#\/schema\/logo\/image\/\"},\"sameAs\":[\"https:\/\/www.facebook.com\/wrzecionoczasupl\"]}]}<\/script>\n<meta property=\"product:price:amount\" content=\"41079\" \/>\n<meta property=\"product:price:currency\" content=\"USD\" \/>\n<meta property=\"og:availability\" content=\"instock\" \/>\n<meta property=\"product:availability\" content=\"instock\" \/>\n<meta property=\"product:retailer_item_id\" content=\"MB&amp;F Horological Machine a2 K0651\" \/>\n<meta property=\"product:condition\" content=\"new\" \/>\n<!-- \/ Yoast SEO Premium plugin. -->","yoast_head_json":{"title":"Clock Mb&amp;F \u00d7 L\u2019Ep\u00e9e \u00d7 Massena Lab - T-Rex Bronze Limited Edition XX|15\/Box+Key - Wrzeciono Czasu","robots":{"index":"index","follow":"follow","max-snippet":"max-snippet:-1","max-image-preview":"max-image-preview:large","max-video-preview":"max-video-preview:-1"},"canonical":"https:\/\/wrzecionoczasu.pl\/en\/produkt\/mbf-x-lepee-x-massena-lab-clock-t-rex-bronze-limited-xx15\/","og_locale":"en_US","og_type":"article","og_title":"Clock Mb&amp;F \u00d7 L\u2019Ep\u00e9e \u00d7 Massena Lab - T-Rex Bronze Limited Edition XX|15\/Box+Key","og_description":"Used Mb&amp;f \u00d7 L'\u00e9p\u00e9e \u00d7 Massena Lab Clock - T-Rex Bronze Limited XX|15","og_url":"https:\/\/wrzecionoczasu.pl\/en\/produkt\/mbf-x-lepee-x-massena-lab-clock-t-rex-bronze-limited-xx15\/","og_site_name":"Wrzeciono Czasu","article_publisher":"https:\/\/www.facebook.com\/wrzecionoczasupl","article_modified_time":"2026-01-09T10:37:13+00:00","og_image":[{"width":800,"height":1200,"url":"https:\/\/wrzecionoczasu.pl\/wp-content\/uploads\/2025\/10\/0D3A7038.jpg","type":"image\/jpeg"}],"twitter_card":"summary_large_image","twitter_misc":{"Price":"&#36;41 079","Availability":"In stock"},"schema":{"@context":"https:\/\/schema.org","@graph":[{"@type":"WebPage","@id":"https:\/\/wrzecionoczasu.pl\/en\/produkt\/mbf-x-lepee-x-massena-lab-clock-t-rex-bronze-limited-xx15\/","url":"https:\/\/wrzecionoczasu.pl\/en\/produkt\/mbf-x-lepee-x-massena-lab-clock-t-rex-bronze-limited-xx15\/","name":"Clock Mb&amp;F \u00d7 L\u2019Ep\u00e9e \u00d7 Massena Lab - T-Rex Bronze Limited Edition XX|15\/Box+Key - Wrzeciono Czasu","isPartOf":{"@id":"https:\/\/wrzecionoczasu.pl\/en\/#website"},"primaryImageOfPage":{"@id":"https:\/\/wrzecionoczasu.pl\/en\/produkt\/mbf-x-lepee-x-massena-lab-clock-t-rex-bronze-limited-xx15\/#primaryimage"},"image":{"@id":"https:\/\/wrzecionoczasu.pl\/en\/produkt\/mbf-x-lepee-x-massena-lab-clock-t-rex-bronze-limited-xx15\/#primaryimage"},"thumbnailUrl":"https:\/\/wrzecionoczasu.pl\/wp-content\/uploads\/2025\/10\/0D3A7038.jpg","datePublished":"2025-10-01T12:20:38+00:00","dateModified":"2026-01-09T10:37:13+00:00","breadcrumb":{"@id":"https:\/\/wrzecionoczasu.pl\/en\/produkt\/mbf-x-lepee-x-massena-lab-clock-t-rex-bronze-limited-xx15\/#breadcrumb"},"inLanguage":"en-US","potentialAction":[{"@type":"ReadAction","target":["https:\/\/wrzecionoczasu.pl\/en\/produkt\/mbf-x-lepee-x-massena-lab-clock-t-rex-bronze-limited-xx15\/"]}]},{"@type":"ImageObject","inLanguage":"en-US","@id":"https:\/\/wrzecionoczasu.pl\/en\/produkt\/mbf-x-lepee-x-massena-lab-clock-t-rex-bronze-limited-xx15\/#primaryimage","url":"https:\/\/wrzecionoczasu.pl\/wp-content\/uploads\/2025\/10\/0D3A7038.jpg","contentUrl":"https:\/\/wrzecionoczasu.pl\/wp-content\/uploads\/2025\/10\/0D3A7038.jpg","width":800,"height":1200},{"@type":"BreadcrumbList","@id":"https:\/\/wrzecionoczasu.pl\/en\/produkt\/mbf-x-lepee-x-massena-lab-clock-t-rex-bronze-limited-xx15\/#breadcrumb","itemListElement":[{"@type":"ListItem","position":1,"name":"Strona g\u0142\u00f3wna","item":"https:\/\/wrzecionoczasu.pl\/en\/home\/"},{"@type":"ListItem","position":2,"name":"Shop","item":"https:\/\/wrzecionoczasu.pl\/en\/shop-2\/"},{"@type":"ListItem","position":3,"name":"Clock Mb&amp;F \u00d7 L\u2019Ep\u00e9e \u00d7 Massena Lab &#8211; T-Rex Bronze Limited Edition XX|15\/Box+Key"}]},{"@type":"WebSite","@id":"https:\/\/wrzecionoczasu.pl\/en\/#website","url":"https:\/\/wrzecionoczasu.pl\/en\/","name":"Wrzeciono Czasu","description":"Wrzeciono Czasu","publisher":{"@id":"https:\/\/wrzecionoczasu.pl\/en\/#organization"},"alternateName":"Wrzeciono Czasu","potentialAction":[{"@type":"SearchAction","target":{"@type":"EntryPoint","urlTemplate":"https:\/\/wrzecionoczasu.pl\/en\/?s={search_term_string}"},"query-input":{"@type":"PropertyValueSpecification","valueRequired":true,"valueName":"search_term_string"}}],"inLanguage":"en-US"},{"@type":"Organization","@id":"https:\/\/wrzecionoczasu.pl\/en\/#organization","name":"Wrzeciono Czasu","url":"https:\/\/wrzecionoczasu.pl\/en\/","logo":{"@type":"ImageObject","inLanguage":"en-US","@id":"https:\/\/wrzecionoczasu.pl\/en\/#\/schema\/logo\/image\/","url":"https:\/\/wrzecionoczasu.pl\/wp-content\/uploads\/2024\/03\/logo-light1.svg","contentUrl":"https:\/\/wrzecionoczasu.pl\/wp-content\/uploads\/2024\/03\/logo-light1.svg","width":86,"height":71,"caption":"Wrzeciono Czasu"},"image":{"@id":"https:\/\/wrzecionoczasu.pl\/en\/#\/schema\/logo\/image\/"},"sameAs":["https:\/\/www.facebook.com\/wrzecionoczasupl"]}]},"product_price_amount":"41079","product_price_currency":"USD","og_availability":"instock","product_availability":"instock","product_retailer_item_id":"MB&F Horological Machine a2 K0651","product_condition":"new"},"_links":{"self":[{"href":"https:\/\/wrzecionoczasu.pl\/en\/wp-json\/wp\/v2\/product\/181819","targetHints":{"allow":["GET"]}}],"collection":[{"href":"https:\/\/wrzecionoczasu.pl\/en\/wp-json\/wp\/v2\/product"}],"about":[{"href":"https:\/\/wrzecionoczasu.pl\/en\/wp-json\/wp\/v2\/types\/product"}],"wp:featuredmedia":[{"embeddable":true,"href":"https:\/\/wrzecionoczasu.pl\/en\/wp-json\/wp\/v2\/media\/181810"}],"wp:attachment":[{"href":"https:\/\/wrzecionoczasu.pl\/en\/wp-json\/wp\/v2\/media?parent=181819"}],"wp:term":[{"taxonomy":"seria","embeddable":true,"href":"https:\/\/wrzecionoczasu.pl\/en\/wp-json\/wp\/v2\/seria?post=181819"},{"taxonomy":"product_brand","embeddable":true,"href":"https:\/\/wrzecionoczasu.pl\/en\/wp-json\/wp\/v2\/product_brand?post=181819"},{"taxonomy":"product_cat","embeddable":true,"href":"https:\/\/wrzecionoczasu.pl\/en\/wp-json\/wp\/v2\/product_cat?post=181819"},{"taxonomy":"product_tag","embeddable":true,"href":"https:\/\/wrzecionoczasu.pl\/en\/wp-json\/wp\/v2\/product_tag?post=181819"}],"curies":[{"name":"wp","href":"https:\/\/api.w.org\/{rel}","templated":true}]}}